{"id":1202,"date":"2023-07-01T22:31:20","date_gmt":"2023-07-02T01:31:20","guid":{"rendered":"https:\/\/centrolyon.cl\/?page_id=1202"},"modified":"2024-06-26T12:31:15","modified_gmt":"2024-06-26T15:31:15","slug":"araucaria_","status":"publish","type":"page","link":"http:\/\/centrolyon.cl\/?page_id=1202","title":{"rendered":"Araucaria"},"content":{"rendered":"\t\t<div data-elementor-type=\"wp-page\" data-elementor-id=\"1202\" class=\"elementor elementor-1202\">\n\t\t\t\t\t\t\t\t\t<section class=\"elementor-section elementor-top-section elementor-element elementor-element-42d1e35 elementor-section-boxed elementor-section-height-default elementor-section-height-default\" data-id=\"42d1e35\" data-element_type=\"section\">\n\t\t\t\t\t\t<div class=\"elementor-container elementor-column-gap-default\">\n\t\t\t\t\t<div class=\"elementor-column elementor-col-100 elementor-top-column elementor-element elementor-element-96eaa70\" data-id=\"96eaa70\" data-element_type=\"column\" data-settings=\"{&quot;background_background&quot;:&quot;classic&quot;}\">\n\t\t\t<div class=\"elementor-widget-wrap elementor-element-populated\">\n\t\t\t\t\t\t\t\t<div class=\"elementor-element elementor-element-2cf429d elementor-widget elementor-widget-heading\" data-id=\"2cf429d\" data-element_type=\"widget\" data-widget_type=\"heading.default\">\n\t\t\t\t<div class=\"elementor-widget-container\">\n\t\t\t<style>\/*! elementor - v3.13.3 - 28-05-2023 *\/\n.elementor-heading-title{padding:0;margin:0;line-height:1}.elementor-widget-heading .elementor-heading-title[class*=elementor-size-]>a{color:inherit;font-size:inherit;line-height:inherit}.elementor-widget-heading .elementor-heading-title.elementor-size-small{font-size:15px}.elementor-widget-heading .elementor-heading-title.elementor-size-medium{font-size:19px}.elementor-widget-heading .elementor-heading-title.elementor-size-large{font-size:29px}.elementor-widget-heading .elementor-heading-title.elementor-size-xl{font-size:39px}.elementor-widget-heading .elementor-heading-title.elementor-size-xxl{font-size:59px}<\/style><h2 class=\"elementor-heading-title elementor-size-default\">SAL\u00d3N ARAUCARIA<\/h2>\t\t<\/div>\n\t\t\t\t<\/div>\n\t\t\t\t\t<\/div>\n\t\t<\/div>\n\t\t\t\t\t\t\t<\/div>\n\t\t<\/section>\n\t\t\t\t<section class=\"elementor-section elementor-top-section elementor-element elementor-element-9e11404 elementor-section-boxed elementor-section-height-default elementor-section-height-default\" data-id=\"9e11404\" data-element_type=\"section\">\n\t\t\t\t\t\t<div class=\"elementor-container elementor-column-gap-default\">\n\t\t\t\t\t<div class=\"elementor-column elementor-col-100 elementor-top-column elementor-element elementor-element-fbbbde9\" data-id=\"fbbbde9\" data-element_type=\"column\">\n\t\t\t<div class=\"elementor-widget-wrap elementor-element-populated\">\n\t\t\t\t\t\t\t\t<div class=\"elementor-element elementor-element-7dcce6f4 elementor-widget__width-initial elementor-widget elementor-widget-image\" data-id=\"7dcce6f4\" data-element_type=\"widget\" data-widget_type=\"image.default\">\n\t\t\t\t<div class=\"elementor-widget-container\">\n\t\t\t<style>\/*! elementor - v3.13.3 - 28-05-2023 *\/\n.elementor-widget-image{text-align:center}.elementor-widget-image a{display:inline-block}.elementor-widget-image a img[src$=\".svg\"]{width:48px}.elementor-widget-image img{vertical-align:middle;display:inline-block}<\/style>\t\t\t\t\t\t\t\t\t\t\t\t<img loading=\"lazy\" decoding=\"async\" width=\"1024\" height=\"434\" src=\"http:\/\/centrolyon.cl\/wp-content\/uploads\/2024\/06\/ara-1024x434.jpg\" class=\"attachment-large size-large wp-image-1725\" alt=\"\" srcset=\"http:\/\/centrolyon.cl\/wp-content\/uploads\/2024\/06\/ara-1024x434.jpg 1024w, http:\/\/centrolyon.cl\/wp-content\/uploads\/2024\/06\/ara-300x127.jpg 300w, http:\/\/centrolyon.cl\/wp-content\/uploads\/2024\/06\/ara-768x325.jpg 768w, http:\/\/centrolyon.cl\/wp-content\/uploads\/2024\/06\/ara-1536x651.jpg 1536w, http:\/\/centrolyon.cl\/wp-content\/uploads\/2024\/06\/ara.jpg 1916w\" sizes=\"auto, (max-width: 1024px) 100vw, 1024px\" \/>\t\t\t\t\t\t\t\t\t\t\t\t\t\t\t<\/div>\n\t\t\t\t<\/div>\n\t\t\t\t\t<\/div>\n\t\t<\/div>\n\t\t\t\t\t\t\t<\/div>\n\t\t<\/section>\n\t\t\t\t<section class=\"elementor-section elementor-top-section elementor-element elementor-element-39ff30c elementor-section-boxed elementor-section-height-default elementor-section-height-default\" data-id=\"39ff30c\" data-element_type=\"section\">\n\t\t\t\t\t\t<div class=\"elementor-container elementor-column-gap-default\">\n\t\t\t\t\t<div class=\"elementor-column elementor-col-100 elementor-top-column elementor-element elementor-element-41d118e\" data-id=\"41d118e\" data-element_type=\"column\">\n\t\t\t<div class=\"elementor-widget-wrap\">\n\t\t\t\t\t\t\t\t\t<\/div>\n\t\t<\/div>\n\t\t\t\t\t\t\t<\/div>\n\t\t<\/section>\n\t\t\t\t<section class=\"elementor-section elementor-top-section elementor-element elementor-element-5c2d954 elementor-section-boxed elementor-section-height-default elementor-section-height-default\" data-id=\"5c2d954\" data-element_type=\"section\">\n\t\t\t\t\t\t<div class=\"elementor-container elementor-column-gap-default\">\n\t\t\t\t\t<div class=\"elementor-column elementor-col-33 elementor-top-column elementor-element elementor-element-74b81f21\" data-id=\"74b81f21\" data-element_type=\"column\" data-settings=\"{&quot;background_background&quot;:&quot;classic&quot;}\">\n\t\t\t<div class=\"elementor-widget-wrap\">\n\t\t\t\t\t\t\t\t\t<\/div>\n\t\t<\/div>\n\t\t\t\t<div class=\"elementor-column elementor-col-33 elementor-top-column elementor-element elementor-element-6cec8fb\" data-id=\"6cec8fb\" data-element_type=\"column\">\n\t\t\t<div class=\"elementor-widget-wrap elementor-element-populated\">\n\t\t\t\t\t\t\t\t<div class=\"elementor-element elementor-element-0d2cef5 elementor-widget__width-initial elementor-widget elementor-widget-text-editor\" data-id=\"0d2cef5\" data-element_type=\"widget\" data-widget_type=\"text-editor.default\">\n\t\t\t\t<div class=\"elementor-widget-container\">\n\t\t\t<style>\/*! elementor - v3.13.3 - 28-05-2023 *\/\n.elementor-widget-text-editor.elementor-drop-cap-view-stacked .elementor-drop-cap{background-color:#69727d;color:#fff}.elementor-widget-text-editor.elementor-drop-cap-view-framed .elementor-drop-cap{color:#69727d;border:3px solid;background-color:transparent}.elementor-widget-text-editor:not(.elementor-drop-cap-view-default) .elementor-drop-cap{margin-top:8px}.elementor-widget-text-editor:not(.elementor-drop-cap-view-default) .elementor-drop-cap-letter{width:1em;height:1em}.elementor-widget-text-editor .elementor-drop-cap{float:left;text-align:center;line-height:1;font-size:50px}.elementor-widget-text-editor .elementor-drop-cap-letter{display:inline-block}<\/style>\t\t\t\t<h4>Nuestros salones cuentan con equipamiento permanente para complementar los requerimientos de empresas y particulares, TV, proyector, tel\u00f3n y otros.<\/h4>\t\t\t\t\t\t<\/div>\n\t\t\t\t<\/div>\n\t\t\t\t\t<\/div>\n\t\t<\/div>\n\t\t\t\t<div class=\"elementor-column elementor-col-33 elementor-top-column elementor-element elementor-element-c744d31\" data-id=\"c744d31\" data-element_type=\"column\">\n\t\t\t<div class=\"elementor-widget-wrap elementor-element-populated\">\n\t\t\t\t\t\t\t\t<div class=\"elementor-element elementor-element-1060ff3e elementor-view-default elementor-widget elementor-widget-icon\" data-id=\"1060ff3e\" data-element_type=\"widget\" data-widget_type=\"icon.default\">\n\t\t\t\t<div class=\"elementor-widget-container\">\n\t\t\t\t\t<div class=\"elementor-icon-wrapper\">\n\t\t\t<div class=\"elementor-icon\">\n\t\t\t<i aria-hidden=\"true\" class=\"fas fa-square-full\"><\/i>\t\t\t<\/div>\n\t\t<\/div>\n\t\t\t\t<\/div>\n\t\t\t\t<\/div>\n\t\t\t\t<div class=\"elementor-element elementor-element-ef9c447 elementor-widget elementor-widget-text-editor\" data-id=\"ef9c447\" data-element_type=\"widget\" data-widget_type=\"text-editor.default\">\n\t\t\t\t<div class=\"elementor-widget-container\">\n\t\t\t\t\t\t\t<p><strong>\u00bfTe gustar\u00eda cotizar?<\/strong><\/p><p>No dudes en contactarnos<\/p>\t\t\t\t\t\t<\/div>\n\t\t\t\t<\/div>\n\t\t\t\t<div class=\"elementor-element elementor-element-450e1bd elementor-align-left elementor-tablet-align-center elementor-mobile-align-center elementor-widget elementor-widget-button\" data-id=\"450e1bd\" data-element_type=\"widget\" data-widget_type=\"button.default\">\n\t\t\t\t<div class=\"elementor-widget-container\">\n\t\t\t\t\t<div class=\"elementor-button-wrapper\">\n\t\t\t<a href=\"https:\/\/centrolyon.cl\/?page_id=18\" class=\"elementor-button-link elementor-button elementor-size-lg\" role=\"button\">\n\t\t\t\t\t\t<span class=\"elementor-button-content-wrapper\">\n\t\t\t\t\t\t<span class=\"elementor-button-text\">Haz clic aqu\u00ed<\/span>\n\t\t<\/span>\n\t\t\t\t\t<\/a>\n\t\t<\/div>\n\t\t\t\t<\/div>\n\t\t\t\t<\/div>\n\t\t\t\t\t<\/div>\n\t\t<\/div>\n\t\t\t\t\t\t\t<\/div>\n\t\t<\/section>\n\t\t\t\t<section class=\"elementor-section elementor-top-section elementor-element elementor-element-0b2a28d elementor-section-boxed elementor-section-height-default elementor-section-height-default\" data-id=\"0b2a28d\" data-element_type=\"section\">\n\t\t\t\t\t\t<div class=\"elementor-container elementor-column-gap-default\">\n\t\t\t\t\t<div class=\"elementor-column elementor-col-100 elementor-top-column elementor-element elementor-element-b66cb77\" data-id=\"b66cb77\" data-element_type=\"column\">\n\t\t\t<div class=\"elementor-widget-wrap\">\n\t\t\t\t\t\t\t\t\t<\/div>\n\t\t<\/div>\n\t\t\t\t\t\t\t<\/div>\n\t\t<\/section>\n\t\t\t\t<section class=\"elementor-section elementor-top-section elementor-element elementor-element-7abf4db7 elementor-section-full_width elementor-section-height-default elementor-section-height-default\" data-id=\"7abf4db7\" data-element_type=\"section\">\n\t\t\t\t\t\t<div class=\"elementor-container elementor-column-gap-narrow\">\n\t\t\t\t\t<div class=\"elementor-column elementor-col-33 elementor-top-column elementor-element elementor-element-26bebcfb\" data-id=\"26bebcfb\" data-element_type=\"column\">\n\t\t\t<div class=\"elementor-widget-wrap elementor-element-populated\">\n\t\t\t\t\t\t\t\t<div class=\"elementor-element elementor-element-375eeda1 elementor-widget elementor-widget-image\" data-id=\"375eeda1\" data-element_type=\"widget\" data-widget_type=\"image.default\">\n\t\t\t\t<div class=\"elementor-widget-container\">\n\t\t\t\t\t\t\t\t\t\t\t\t\t\t\t<img loading=\"lazy\" decoding=\"async\" width=\"1024\" height=\"576\" src=\"http:\/\/centrolyon.cl\/wp-content\/uploads\/2024\/02\/DSC00523-1024x576.jpeg\" class=\"elementor-animation-float attachment-large size-large wp-image-1428\" alt=\"\" srcset=\"http:\/\/centrolyon.cl\/wp-content\/uploads\/2024\/02\/DSC00523-1024x576.jpeg 1024w, http:\/\/centrolyon.cl\/wp-content\/uploads\/2024\/02\/DSC00523-300x169.jpeg 300w, http:\/\/centrolyon.cl\/wp-content\/uploads\/2024\/02\/DSC00523-768x432.jpeg 768w, http:\/\/centrolyon.cl\/wp-content\/uploads\/2024\/02\/DSC00523-1536x864.jpeg 1536w, http:\/\/centrolyon.cl\/wp-content\/uploads\/2024\/02\/DSC00523-2048x1152.jpeg 2048w\" sizes=\"auto, (max-width: 1024px) 100vw, 1024px\" \/>\t\t\t\t\t\t\t\t\t\t\t\t\t\t\t<\/div>\n\t\t\t\t<\/div>\n\t\t\t\t\t<\/div>\n\t\t<\/div>\n\t\t\t\t<div class=\"elementor-column elementor-col-33 elementor-top-column elementor-element elementor-element-3e4c2744\" data-id=\"3e4c2744\" data-element_type=\"column\">\n\t\t\t<div class=\"elementor-widget-wrap elementor-element-populated\">\n\t\t\t\t\t\t\t\t<div class=\"elementor-element elementor-element-335119af elementor-widget elementor-widget-image\" data-id=\"335119af\" data-element_type=\"widget\" data-widget_type=\"image.default\">\n\t\t\t\t<div class=\"elementor-widget-container\">\n\t\t\t\t\t\t\t\t\t\t\t\t\t\t\t<img loading=\"lazy\" decoding=\"async\" width=\"1024\" height=\"576\" src=\"http:\/\/centrolyon.cl\/wp-content\/uploads\/2024\/02\/DSC00624-1024x576.jpeg\" class=\"elementor-animation-float attachment-large size-large wp-image-1429\" alt=\"\" srcset=\"http:\/\/centrolyon.cl\/wp-content\/uploads\/2024\/02\/DSC00624-1024x576.jpeg 1024w, http:\/\/centrolyon.cl\/wp-content\/uploads\/2024\/02\/DSC00624-300x169.jpeg 300w, http:\/\/centrolyon.cl\/wp-content\/uploads\/2024\/02\/DSC00624-768x432.jpeg 768w, http:\/\/centrolyon.cl\/wp-content\/uploads\/2024\/02\/DSC00624-1536x864.jpeg 1536w, http:\/\/centrolyon.cl\/wp-content\/uploads\/2024\/02\/DSC00624-2048x1152.jpeg 2048w\" sizes=\"auto, (max-width: 1024px) 100vw, 1024px\" \/>\t\t\t\t\t\t\t\t\t\t\t\t\t\t\t<\/div>\n\t\t\t\t<\/div>\n\t\t\t\t\t<\/div>\n\t\t<\/div>\n\t\t\t\t<div class=\"elementor-column elementor-col-33 elementor-top-column elementor-element elementor-element-59e884ea\" data-id=\"59e884ea\" data-element_type=\"column\">\n\t\t\t<div class=\"elementor-widget-wrap elementor-element-populated\">\n\t\t\t\t\t\t\t\t<div class=\"elementor-element elementor-element-395d0ec3 elementor-widget elementor-widget-image\" data-id=\"395d0ec3\" data-element_type=\"widget\" data-widget_type=\"image.default\">\n\t\t\t\t<div class=\"elementor-widget-container\">\n\t\t\t\t\t\t\t\t\t\t\t\t\t\t\t<img loading=\"lazy\" decoding=\"async\" width=\"1024\" height=\"768\" src=\"http:\/\/centrolyon.cl\/wp-content\/uploads\/2024\/06\/WhatsApp-Image-2024-06-24-at-13.00.25-1024x768.jpeg\" class=\"elementor-animation-float attachment-large size-large wp-image-1760\" alt=\"\" srcset=\"http:\/\/centrolyon.cl\/wp-content\/uploads\/2024\/06\/WhatsApp-Image-2024-06-24-at-13.00.25-1024x768.jpeg 1024w, http:\/\/centrolyon.cl\/wp-content\/uploads\/2024\/06\/WhatsApp-Image-2024-06-24-at-13.00.25-300x225.jpeg 300w, http:\/\/centrolyon.cl\/wp-content\/uploads\/2024\/06\/WhatsApp-Image-2024-06-24-at-13.00.25-768x576.jpeg 768w, http:\/\/centrolyon.cl\/wp-content\/uploads\/2024\/06\/WhatsApp-Image-2024-06-24-at-13.00.25-1536x1152.jpeg 1536w, http:\/\/centrolyon.cl\/wp-content\/uploads\/2024\/06\/WhatsApp-Image-2024-06-24-at-13.00.25.jpeg 1600w\" sizes=\"auto, (max-width: 1024px) 100vw, 1024px\" \/>\t\t\t\t\t\t\t\t\t\t\t\t\t\t\t<\/div>\n\t\t\t\t<\/div>\n\t\t\t\t\t<\/div>\n\t\t<\/div>\n\t\t\t\t\t\t\t<\/div>\n\t\t<\/section>\n\t\t\t\t<section class=\"elementor-section elementor-top-section elementor-element elementor-element-fd42763 elementor-section-boxed elementor-section-height-default elementor-section-height-default\" data-id=\"fd42763\" data-element_type=\"section\">\n\t\t\t\t\t\t<div class=\"elementor-container elementor-column-gap-default\">\n\t\t\t\t\t<div class=\"elementor-column elementor-col-100 elementor-top-column elementor-element elementor-element-88318ef\" data-id=\"88318ef\" data-element_type=\"column\">\n\t\t\t<div class=\"elementor-widget-wrap\">\n\t\t\t\t\t\t\t\t\t<\/div>\n\t\t<\/div>\n\t\t\t\t\t\t\t<\/div>\n\t\t<\/section>\n\t\t\t\t<section class=\"elementor-section elementor-top-section elementor-element elementor-element-dfc7ad8 elementor-section-boxed elementor-section-height-default elementor-section-height-default\" data-id=\"dfc7ad8\" data-element_type=\"section\">\n\t\t\t\t\t\t<div class=\"elementor-container elementor-column-gap-default\">\n\t\t\t\t\t<div class=\"elementor-column elementor-col-100 elementor-top-column elementor-element elementor-element-bc2ef90\" data-id=\"bc2ef90\" data-element_type=\"column\">\n\t\t\t<div class=\"elementor-widget-wrap elementor-element-populated\">\n\t\t\t\t\t\t\t\t<div class=\"elementor-element elementor-element-2e6968d elementor-widget elementor-widget-heading\" data-id=\"2e6968d\" data-element_type=\"widget\" data-widget_type=\"heading.default\">\n\t\t\t\t<div class=\"elementor-widget-container\">\n\t\t\t<h2 class=\"elementor-heading-title elementor-size-default\">Capacidad del sal\u00f3n<\/h2>\t\t<\/div>\n\t\t\t\t<\/div>\n\t\t\t\t\t<\/div>\n\t\t<\/div>\n\t\t\t\t\t\t\t<\/div>\n\t\t<\/section>\n\t\t\t\t<section class=\"elementor-section elementor-top-section elementor-element elementor-element-3d116fa elementor-section-boxed elementor-section-height-default elementor-section-height-default\" data-id=\"3d116fa\" data-element_type=\"section\">\n\t\t\t\t\t\t<div class=\"elementor-container elementor-column-gap-default\">\n\t\t\t\t\t<div class=\"elementor-column elementor-col-100 elementor-top-column elementor-element elementor-element-f4f47d5\" data-id=\"f4f47d5\" data-element_type=\"column\">\n\t\t\t<div class=\"elementor-widget-wrap elementor-element-populated\">\n\t\t\t\t\t\t\t\t<div class=\"elementor-element elementor-element-a2dbeb3 elementor-widget elementor-widget-image\" data-id=\"a2dbeb3\" data-element_type=\"widget\" data-widget_type=\"image.default\">\n\t\t\t\t<div class=\"elementor-widget-container\">\n\t\t\t\t\t\t\t\t\t\t\t\t\t\t\t\t<a href=\"http:\/\/centrolyon.cl\/wp-content\/uploads\/2024\/02\/aracauria.jpg\" data-elementor-open-lightbox=\"yes\" data-elementor-lightbox-title=\"aracauria\" data-e-action-hash=\"#elementor-action%3Aaction%3Dlightbox%26settings%3DeyJpZCI6MTQyNywidXJsIjoiaHR0cDpcL1wvY2VudHJvbHlvbi5jbFwvd3AtY29udGVudFwvdXBsb2Fkc1wvMjAyNFwvMDJcL2FyYWNhdXJpYS5qcGcifQ%3D%3D\">\n\t\t\t\t\t\t\t<img loading=\"lazy\" decoding=\"async\" width=\"1000\" height=\"322\" src=\"http:\/\/centrolyon.cl\/wp-content\/uploads\/2024\/02\/aracauria.jpg\" class=\"attachment-2048x2048 size-2048x2048 wp-image-1427\" alt=\"\" srcset=\"http:\/\/centrolyon.cl\/wp-content\/uploads\/2024\/02\/aracauria.jpg 1000w, http:\/\/centrolyon.cl\/wp-content\/uploads\/2024\/02\/aracauria-300x97.jpg 300w, http:\/\/centrolyon.cl\/wp-content\/uploads\/2024\/02\/aracauria-768x247.jpg 768w\" sizes=\"auto, (max-width: 1000px) 100vw, 1000px\" \/>\t\t\t\t\t\t\t\t<\/a>\n\t\t\t\t\t\t\t\t\t\t\t\t\t\t\t<\/div>\n\t\t\t\t<\/div>\n\t\t\t\t\t<\/div>\n\t\t<\/div>\n\t\t\t\t\t\t\t<\/div>\n\t\t<\/section>\n\t\t\t\t<section class=\"elementor-section elementor-top-section elementor-element elementor-element-35b6dea elementor-section-boxed elementor-section-height-default elementor-section-height-default\" data-id=\"35b6dea\" data-element_type=\"section\">\n\t\t\t\t\t\t<div class=\"elementor-container elementor-column-gap-default\">\n\t\t\t\t\t<div class=\"elementor-column elementor-col-100 elementor-top-column elementor-element elementor-element-cd72825\" data-id=\"cd72825\" data-element_type=\"column\">\n\t\t\t<div class=\"elementor-widget-wrap\">\n\t\t\t\t\t\t\t\t\t<\/div>\n\t\t<\/div>\n\t\t\t\t\t\t\t<\/div>\n\t\t<\/section>\n\t\t\t\t\t\t\t<\/div>\n\t\t","protected":false},"excerpt":{"rendered":"<p>SAL\u00d3N ARAUCARIA Nuestros salones cuentan con equipamiento permanente para complementar los requerimientos de empresas y particulares, TV, proyector, tel\u00f3n y otros. \u00bfTe gustar\u00eda cotizar? No dudes en contactarnos Haz clic aqu\u00ed Capacidad del sal\u00f3n<\/p>\n","protected":false},"author":2,"featured_media":0,"parent":0,"menu_order":0,"comment_status":"closed","ping_status":"closed","template":"","meta":{"site-sidebar-layout":"no-sidebar","site-content-layout":"page-builder","ast-global-header-display":"","ast-banner-title-visibility":"","ast-main-header-display":"","ast-hfb-above-header-display":"","ast-hfb-below-header-display":"","ast-hfb-mobile-header-display":"","site-post-title":"disabled","ast-breadcrumbs-content":"","ast-featured-img":"disabled","footer-sml-layout":"","theme-transparent-header-meta":"","adv-header-id-meta":"","stick-header-meta":"","header-above-stick-meta":"","header-main-stick-meta":"","header-below-stick-meta":"","footnotes":""},"class_list":["post-1202","page","type-page","status-publish","hentry"],"_links":{"self":[{"href":"http:\/\/centrolyon.cl\/index.php?rest_route=\/wp\/v2\/pages\/1202","targetHints":{"allow":["GET"]}}],"collection":[{"href":"http:\/\/centrolyon.cl\/index.php?rest_route=\/wp\/v2\/pages"}],"about":[{"href":"http:\/\/centrolyon.cl\/index.php?rest_route=\/wp\/v2\/types\/page"}],"author":[{"embeddable":true,"href":"http:\/\/centrolyon.cl\/index.php?rest_route=\/wp\/v2\/users\/2"}],"replies":[{"embeddable":true,"href":"http:\/\/centrolyon.cl\/index.php?rest_route=%2Fwp%2Fv2%2Fcomments&post=1202"}],"version-history":[{"count":54,"href":"http:\/\/centrolyon.cl\/index.php?rest_route=\/wp\/v2\/pages\/1202\/revisions"}],"predecessor-version":[{"id":1764,"href":"http:\/\/centrolyon.cl\/index.php?rest_route=\/wp\/v2\/pages\/1202\/revisions\/1764"}],"wp:attachment":[{"href":"http:\/\/centrolyon.cl\/index.php?rest_route=%2Fwp%2Fv2%2Fmedia&parent=1202"}],"curies":[{"name":"wp","href":"https:\/\/api.w.org\/{rel}","templated":true}]}}